{"id":182,"date":"2023-07-03T10:03:25","date_gmt":"2023-07-03T10:03:25","guid":{"rendered":"https:\/\/www.all-car-hire.info\/accueil\/"},"modified":"2023-07-27T12:31:32","modified_gmt":"2023-07-27T12:31:32","slug":"accueil","status":"publish","type":"page","link":"https:\/\/www.all-car-hire.info\/no\/accueil\/","title":{"rendered":"Accueil"},"content":{"rendered":"<div id=\"pl-182\"  class=\"panel-layout\" ><div id=\"pg-182-0\"  class=\"panel-grid panel-has-style\" ><div class=\"bloc1 siteorigin-panels-stretch panel-row-style panel-row-style-for-182-0\" data-stretch-type=\"full\" ><div id=\"pgc-182-0-0\"  class=\"panel-grid-cell\" ><div id=\"panel-182-0-0-0\" class=\"so-panel widget widget_media_image panel-first-child\" data-index=\"0\" ><div class=\"shape9 panel-widget-style panel-widget-style-for-182-0-0-0\" ><img loading=\"lazy\" decoding=\"async\" width=\"550\" height=\"870\" src=\"https:\/\/www.all-car-hire.info\/wp-content\/uploads\/2023\/07\/LEIEBIL-02.webp\" class=\"image wp-image-294  attachment-full size-full\" alt=\"LEIEBIL\" style=\"max-width: 100%; height: auto;\" srcset=\"https:\/\/www.all-car-hire.info\/wp-content\/uploads\/2023\/07\/LEIEBIL-02.webp 550w, https:\/\/www.all-car-hire.info\/wp-content\/uploads\/2023\/07\/LEIEBIL-02-190x300.webp 190w\" sizes=\"auto, (max-width: 550px) 100vw, 550px\" \/><\/div><\/div><div id=\"panel-182-0-0-1\" class=\"so-panel widget widget_sow-headline\" data-index=\"1\" ><div class=\"intro-titre panel-widget-style panel-widget-style-for-182-0-0-1\" ><div\n\t\t\t\n\t\t\tclass=\"so-widget-sow-headline so-widget-sow-headline-default-857b16078275-182\"\n\t\t\t\n\t\t><div class=\"sow-headline-container \">\n\t\t\t\t\t\t\t<p class=\"sow-sub-headline\">\n\t\t\t\t\t\tLeiebil\t\t\t\t\t\t<\/p>\n\t\t\t\t\t\t\t\t\t\t\t\t<h1 class=\"sow-headline\">\n\t\t\t\t\t\tOppdag gleden <span>ved  <\/span> \u00e5 kj\u00f8re med stil\t\t\t\t\t\t<\/h1>\n\t\t\t\t\t\t\t\t\t\t\t<div class=\"decoration\">\n\t\t\t\t\t\t<div class=\"decoration-inside\"><\/div>\n\t\t\t\t\t<\/div>\n\t\t\t\t\t<\/div>\n<\/div><\/div><\/div><div id=\"panel-182-0-0-2\" class=\"so-panel widget widget_text panel-last-child\" data-index=\"2\" ><div class=\"panel-widget-style panel-widget-style-for-182-0-0-2\" >\t\t\t<div class=\"textwidget\"><p>\u00c5 leie bil gir deg stor fleksibilitet. Du st\u00e5r fritt til \u00e5 velge varighet, modell og tidspunkt for leiebilen.<\/p>\n<\/div>\n\t\t<\/div><\/div><\/div><div id=\"pgc-182-0-1\"  class=\"panel-grid-cell\" ><div id=\"panel-182-0-1-0\" class=\"so-panel widget widget_media_image panel-first-child panel-last-child\" data-index=\"3\" ><div class=\"effetimg1 panel-widget-style panel-widget-style-for-182-0-1-0\" ><img loading=\"lazy\" decoding=\"async\" width=\"570\" height=\"507\" src=\"https:\/\/www.all-car-hire.info\/wp-content\/uploads\/2023\/07\/LEIEBIL.webp\" class=\"image wp-image-291  attachment-full size-full\" alt=\"LEIEBIL\" style=\"max-width: 100%; height: auto;\" srcset=\"https:\/\/www.all-car-hire.info\/wp-content\/uploads\/2023\/07\/LEIEBIL.webp 570w, https:\/\/www.all-car-hire.info\/wp-content\/uploads\/2023\/07\/LEIEBIL-300x267.webp 300w\" sizes=\"auto, (max-width: 570px) 100vw, 570px\" \/><\/div><\/div><\/div><\/div><\/div><div id=\"pg-182-1\"  class=\"panel-grid panel-has-style\" ><div class=\"panel-row-style panel-row-style-for-182-1\" ><div id=\"pgc-182-1-0\"  class=\"panel-grid-cell\" ><div id=\"panel-182-1-0-0\" class=\"so-panel widget widget_media_image panel-first-child panel-last-child\" data-index=\"4\" ><img loading=\"lazy\" decoding=\"async\" width=\"700\" height=\"550\" src=\"https:\/\/www.all-car-hire.info\/wp-content\/uploads\/2023\/07\/DELTE-BILER.webp\" class=\"image wp-image-301  attachment-full size-full\" alt=\"DELTE BILER\" style=\"max-width: 100%; height: auto;\" srcset=\"https:\/\/www.all-car-hire.info\/wp-content\/uploads\/2023\/07\/DELTE-BILER.webp 700w, https:\/\/www.all-car-hire.info\/wp-content\/uploads\/2023\/07\/DELTE-BILER-300x236.webp 300w\" sizes=\"auto, (max-width: 700px) 100vw, 700px\" \/><\/div><\/div><div id=\"pgc-182-1-1\"  class=\"panel-grid-cell\" ><div id=\"panel-182-1-1-0\" class=\"so-panel widget widget_sow-headline panel-first-child\" data-index=\"5\" ><div class=\"titre2 panel-widget-style panel-widget-style-for-182-1-1-0\" ><div\n\t\t\t\n\t\t\tclass=\"so-widget-sow-headline so-widget-sow-headline-default-9751b69fd817-182\"\n\t\t\t\n\t\t><div class=\"sow-headline-container \">\n\t\t\t\t\t\t\t<p class=\"sow-sub-headline\">\n\t\t\t\t\t\tDelte biler\t\t\t\t\t\t<\/p>\n\t\t\t\t\t\t\t\t\t\t\t\t<h2 class=\"sow-headline\">\n\t\t\t\t\t\tForst\u00e5 regler og <span>retningslinjer<\/span> for leiebil\t\t\t\t\t\t<\/h2>\n\t\t\t\t\t\t\t\t\t\t\t<div class=\"decoration\">\n\t\t\t\t\t\t<div class=\"decoration-inside\"><\/div>\n\t\t\t\t\t<\/div>\n\t\t\t\t\t<\/div>\n<\/div><\/div><\/div><div id=\"panel-182-1-1-1\" class=\"so-panel widget widget_text\" data-index=\"6\" ><div class=\"panel-widget-style panel-widget-style-for-182-1-1-1\" >\t\t\t<div class=\"textwidget\"><p>Bildelingsplattformen <a href=\"https:\/\/no.getaround.com\/\" target=\"_blank\" rel=\"\">getaround.com<\/a> gj\u00f8r det enkelt for deg \u00e5 leie en bybil, en 4\u00d74, en stasjonsvogn eller en varebil til flyttingen.<\/p>\n<\/div>\n\t\t<\/div><\/div><div id=\"panel-182-1-1-2\" class=\"so-panel widget widget_text panel-last-child\" data-index=\"7\" ><div class=\"panel-widget-style panel-widget-style-for-182-1-1-2\" >\t\t\t<div class=\"textwidget\"><ul class=\"about-list\">\n<li><i class=\"fa fa-check-circle\" aria-hidden=\"true\"><\/i> En tjeneste som kommer b\u00e5de selskapet og brukerne til gode.<\/li>\n<li><i class=\"fa fa-check-circle\" aria-hidden=\"true\"><\/i> Sparer p\u00e5 bilrelaterte utgifter.<\/li>\n<li><i class=\"fa fa-check-circle\" aria-hidden=\"true\"><\/i> Mer milj\u00f8vennlig og rasjonell bruk av kj\u00f8ret\u00f8y.<\/li>\n<\/ul>\n<\/div>\n\t\t<\/div><\/div><\/div><\/div><\/div><div id=\"pg-182-2\"  class=\"panel-grid panel-has-style\" ><div class=\"bloc3 siteorigin-panels-stretch panel-row-style panel-row-style-for-182-2\" data-stretch-type=\"full\" ><div id=\"pgc-182-2-0\"  class=\"panel-grid-cell\" ><div id=\"panel-182-2-0-0\" class=\"so-panel widget widget_sow-headline panel-first-child\" data-index=\"8\" ><div\n\t\t\t\n\t\t\tclass=\"so-widget-sow-headline so-widget-sow-headline-default-2c86cac68862-182\"\n\t\t\t\n\t\t><div class=\"sow-headline-container \">\n\t\t\t\t\t\t\t<h2 class=\"sow-headline\">\n\t\t\t\t\t\tGarantert trygghet  <br \/>Fordeler med kaskoforsikring for leiebilen din\t\t\t\t\t\t<\/h2>\n\t\t\t\t\t\t\t\t\t\t\t<div class=\"decoration\">\n\t\t\t\t\t\t<div class=\"decoration-inside\"><\/div>\n\t\t\t\t\t<\/div>\n\t\t\t\t\t<\/div>\n<\/div><\/div><div id=\"panel-182-2-0-1\" class=\"so-panel widget widget_text panel-last-child\" data-index=\"9\" ><div class=\"panel-widget-style panel-widget-style-for-182-2-0-1\" >\t\t\t<div class=\"textwidget\"><p style=\"text-align: center;\">Kaskoforsikringen dekker b\u00e5de skader p\u00e5 tredjeparter og skader p\u00e5 bilen din. Dette er det mest omfattende og beskyttende alternativet.<\/p>\n<\/div>\n\t\t<\/div><\/div><\/div><\/div><\/div><div id=\"pg-182-3\"  class=\"panel-grid panel-has-style\" ><div class=\"panel-row-style panel-row-style-for-182-3\" ><div id=\"pgc-182-3-0\"  class=\"panel-grid-cell\" ><div id=\"panel-182-3-0-0\" class=\"so-panel widget widget_sow-headline panel-first-child\" data-index=\"10\" ><div class=\"titre2 centrage panel-widget-style panel-widget-style-for-182-3-0-0\" ><div\n\t\t\t\n\t\t\tclass=\"so-widget-sow-headline so-widget-sow-headline-default-3f8f7c82b5b0-182\"\n\t\t\t\n\t\t><div class=\"sow-headline-container \">\n\t\t\t\t\t\t\t<p class=\"sow-sub-headline\">\n\t\t\t\t\t\tAlternativer for utleie\t\t\t\t\t\t<\/p>\n\t\t\t\t\t\t\t\t\t\t\t\t<h2 class=\"sow-headline\">\n\t\t\t\t\t\tEt bredt utvalg av biler til leie\t\t\t\t\t\t<\/h2>\n\t\t\t\t\t\t\t\t\t\t\t<div class=\"decoration\">\n\t\t\t\t\t\t<div class=\"decoration-inside\"><\/div>\n\t\t\t\t\t<\/div>\n\t\t\t\t\t<\/div>\n<\/div><\/div><\/div><div id=\"panel-182-3-0-1\" class=\"widget_text so-panel widget widget_custom_html\" data-index=\"11\" ><div class=\"widget_text text-center panel-widget-style panel-widget-style-for-182-3-0-1\" ><div class=\"textwidget custom-html-widget\"><div class=\"heading-divider\"><\/div><\/div><\/div><\/div><div id=\"panel-182-3-0-2\" class=\"so-panel widget widget_siteorigin-panels-builder panel-last-child\" data-index=\"12\" ><div class=\"panel-widget-style panel-widget-style-for-182-3-0-2\" ><div id=\"pl-w64c239e3c09a3\"  class=\"panel-layout\" ><div id=\"pg-w64c239e3c09a3-0\"  class=\"panel-grid panel-no-style\" ><div id=\"pgc-w64c239e3c09a3-0-0\"  class=\"panel-grid-cell\" ><div class=\"col1 panel-cell-style panel-cell-style-for-w64c239e3c09a3-0-0\" ><div id=\"panel-w64c239e3c09a3-0-0-0\" class=\"so-panel widget widget_media_image panel-first-child\" data-index=\"0\" ><div class=\"text-center icont panel-widget-style panel-widget-style-for-w64c239e3c09a3-0-0-0\" ><img loading=\"lazy\" decoding=\"async\" width=\"55\" height=\"55\" src=\"https:\/\/www.all-car-hire.info\/wp-content\/uploads\/2023\/07\/Sportsbiler.webp\" class=\"image wp-image-308  attachment-full size-full\" alt=\"Sportsbiler\" style=\"max-width: 100%; height: auto;\" \/><\/div><\/div><div id=\"panel-w64c239e3c09a3-0-0-1\" class=\"so-panel widget widget_text panel-last-child\" data-index=\"1\" ><div class=\"text-bloc panel-widget-style panel-widget-style-for-w64c239e3c09a3-0-0-1\" ><h3 class=\"widget-title\">Sportsbiler<\/h3>\t\t\t<div class=\"textwidget\"><p>Vedlikehold og beskytt sportsbilen din for \u00e5 f\u00e5 mest mulig ut av utseendet og ytelsen. Sjekk sportsbilen regelmessig og skift ut skadede deler.<\/p>\n<\/div>\n\t\t<\/div><\/div><\/div><\/div><div id=\"pgc-w64c239e3c09a3-0-1\"  class=\"panel-grid-cell\" ><div class=\"col1 panel-cell-style panel-cell-style-for-w64c239e3c09a3-0-1\" ><div id=\"panel-w64c239e3c09a3-0-1-0\" class=\"so-panel widget widget_media_image panel-first-child\" data-index=\"2\" ><div class=\"text-center icont panel-widget-style panel-widget-style-for-w64c239e3c09a3-0-1-0\" ><img loading=\"lazy\" decoding=\"async\" width=\"55\" height=\"55\" src=\"https:\/\/www.all-car-hire.info\/wp-content\/uploads\/2023\/07\/Nyttekjoretoy.webp\" class=\"image wp-image-311  attachment-full size-full\" alt=\"\" style=\"max-width: 100%; height: auto;\" \/><\/div><\/div><div id=\"panel-w64c239e3c09a3-0-1-1\" class=\"so-panel widget widget_text panel-last-child\" data-index=\"3\" ><div class=\"text-bloc panel-widget-style panel-widget-style-for-w64c239e3c09a3-0-1-1\" ><h3 class=\"widget-title\">Nyttekj\u00f8ret\u00f8y<\/h3>\t\t\t<div class=\"textwidget\"><p>Nyttekj\u00f8ret\u00f8y er en stor investering som b\u00f8r maksimeres. De brukes til \u00e5 transportere materialer, varer, personer eller utstyr.<\/p>\n<\/div>\n\t\t<\/div><\/div><\/div><\/div><div id=\"pgc-w64c239e3c09a3-0-2\"  class=\"panel-grid-cell\" ><div class=\"col1 panel-cell-style panel-cell-style-for-w64c239e3c09a3-0-2\" ><div id=\"panel-w64c239e3c09a3-0-2-0\" class=\"so-panel widget widget_media_image panel-first-child\" data-index=\"4\" ><div class=\"text-center icont panel-widget-style panel-widget-style-for-w64c239e3c09a3-0-2-0\" ><img loading=\"lazy\" decoding=\"async\" width=\"55\" height=\"55\" src=\"https:\/\/www.all-car-hire.info\/wp-content\/uploads\/2023\/07\/Kompaktbiler.webp\" class=\"image wp-image-314  attachment-full size-full\" alt=\"\" style=\"max-width: 100%; height: auto;\" \/><\/div><\/div><div id=\"panel-w64c239e3c09a3-0-2-1\" class=\"so-panel widget widget_text panel-last-child\" data-index=\"5\" ><div class=\"text-bloc panel-widget-style panel-widget-style-for-w64c239e3c09a3-0-2-1\" ><h3 class=\"widget-title\">Kompaktbiler<\/h3>\t\t\t<div class=\"textwidget\"><p>Fordelen med \u00e5 leie kompaktbiler er at de er popul\u00e6re og har en rekke fordeler. De er milj\u00f8vennlige, \u00f8konomiske og enkle \u00e5 parkere og man\u00f8vrere.<\/p>\n<\/div>\n\t\t<\/div><\/div><\/div><\/div><\/div><\/div><\/div><\/div><\/div><\/div><\/div><div id=\"pg-182-4\"  class=\"panel-grid panel-has-style\" ><div class=\"siteorigin-panels-stretch panel-row-style panel-row-style-for-182-4\" data-stretch-type=\"full\" ><div id=\"pgc-182-4-0\"  class=\"panel-grid-cell\" ><div id=\"panel-182-4-0-0\" class=\"so-panel widget widget_sow-headline panel-first-child\" data-index=\"13\" ><div class=\"titre2 panel-widget-style panel-widget-style-for-182-4-0-0\" ><div\n\t\t\t\n\t\t\tclass=\"so-widget-sow-headline so-widget-sow-headline-default-9afb3e601dcb-182\"\n\t\t\t\n\t\t><div class=\"sow-headline-container \">\n\t\t\t\t\t\t\t<p class=\"sow-sub-headline\">\n\t\t\t\t\t\tUforglemmelige reiser\t\t\t\t\t\t<\/p>\n\t\t\t\t\t\t\t\t\t\t\t\t<h2 class=\"sow-headline\">\n\t\t\t\t\t\tLei komfortable <span> biler<\/span>  med h\u00f8y ytelse\t\t\t\t\t\t<\/h2>\n\t\t\t\t\t\t\t\t\t\t\t<div class=\"decoration\">\n\t\t\t\t\t\t<div class=\"decoration-inside\"><\/div>\n\t\t\t\t\t<\/div>\n\t\t\t\t\t<\/div>\n<\/div><\/div><\/div><div id=\"panel-182-4-0-1\" class=\"so-panel widget widget_text\" data-index=\"14\" ><div class=\"panel-widget-style panel-widget-style-for-182-4-0-1\" >\t\t\t<div class=\"textwidget\"><p>Lei dr\u00f8mmebilen ved \u00e5 definere budsjettet ditt og velge den biltypen som passer best til dine behov. Hvis du vil leie en komfortabel luksusbil med h\u00f8y ytelse, m\u00e5 du betale prisen.<\/p>\n<\/div>\n\t\t<\/div><\/div><div id=\"panel-182-4-0-2\" class=\"so-panel widget widget_media_image panel-last-child\" data-index=\"15\" ><img loading=\"lazy\" decoding=\"async\" width=\"640\" height=\"338\" src=\"https:\/\/www.all-car-hire.info\/wp-content\/uploads\/2023\/07\/UNFORGETTABLE-JOURNEYS-1.webp\" class=\"image wp-image-340  attachment-full size-full\" alt=\"\" style=\"max-width: 100%; height: auto;\" srcset=\"https:\/\/www.all-car-hire.info\/wp-content\/uploads\/2023\/07\/UNFORGETTABLE-JOURNEYS-1.webp 640w, https:\/\/www.all-car-hire.info\/wp-content\/uploads\/2023\/07\/UNFORGETTABLE-JOURNEYS-1-300x158.webp 300w\" sizes=\"auto, (max-width: 640px) 100vw, 640px\" \/><\/div><\/div><div id=\"pgc-182-4-1\"  class=\"panel-grid-cell\" ><div id=\"panel-182-4-1-0\" class=\"so-panel widget widget_siteorigin-panels-builder panel-first-child panel-last-child\" data-index=\"16\" ><div id=\"pl-w64c0d9043e787\"  class=\"panel-layout\" ><div id=\"pg-w64c0d9043e787-0\"  class=\"panel-grid panel-has-style\" ><div class=\"bloc-int panel-row-style panel-row-style-for-w64c0d9043e787-0\" ><div id=\"pgc-w64c0d9043e787-0-0\"  class=\"panel-grid-cell\" ><div id=\"panel-w64c0d9043e787-0-0-0\" class=\"widget_text so-panel widget widget_custom_html panel-first-child panel-last-child\" data-index=\"0\" ><div class=\"widget_text numerotation panel-widget-style panel-widget-style-for-w64c0d9043e787-0-0-0\" ><div class=\"textwidget custom-html-widget\">01<\/div><\/div><\/div><\/div><div id=\"pgc-w64c0d9043e787-0-1\"  class=\"panel-grid-cell\" ><div id=\"panel-w64c0d9043e787-0-1-0\" class=\"so-panel widget widget_text panel-first-child panel-last-child\" data-index=\"1\" ><div class=\"text-bloc panel-widget-style panel-widget-style-for-w64c0d9043e787-0-1-0\" ><h3 class=\"widget-title\">Langtidsleie<\/h3>\t\t\t<div class=\"textwidget\"><p>Langtidsleie er en fleksibel og kostnadseffektiv l\u00f8sning som lar deg dra nytte av en bil uten \u00e5 m\u00e5tte bekymre deg for videresalg, forsikring eller vedlikehold.<\/p>\n<\/div>\n\t\t<\/div><\/div><\/div><\/div><\/div><div id=\"pg-w64c0d9043e787-1\"  class=\"panel-grid panel-has-style\" ><div class=\"bloc-int decalage panel-row-style panel-row-style-for-w64c0d9043e787-1\" ><div id=\"pgc-w64c0d9043e787-1-0\"  class=\"panel-grid-cell\" ><div id=\"panel-w64c0d9043e787-1-0-0\" class=\"widget_text so-panel widget widget_custom_html panel-first-child panel-last-child\" data-index=\"2\" ><div class=\"widget_text numerotation panel-widget-style panel-widget-style-for-w64c0d9043e787-1-0-0\" ><div class=\"textwidget custom-html-widget\">02<\/div><\/div><\/div><\/div><div id=\"pgc-w64c0d9043e787-1-1\"  class=\"panel-grid-cell\" ><div id=\"panel-w64c0d9043e787-1-1-0\" class=\"so-panel widget widget_text panel-first-child panel-last-child\" data-index=\"3\" ><div class=\"text-bloc panel-widget-style panel-widget-style-for-w64c0d9043e787-1-1-0\" ><h3 class=\"widget-title\">Leie til spesielle arrangementer<\/h3>\t\t\t<div class=\"textwidget\"><p>Du kan leie en limousin, luksusbil eller minibuss til bryllup, forretningsreise, bursdag eller romantisk utflukt.<\/p>\n<\/div>\n\t\t<\/div><\/div><\/div><\/div><\/div><div id=\"pg-w64c0d9043e787-2\"  class=\"panel-grid panel-has-style\" ><div class=\"bloc-int panel-row-style panel-row-style-for-w64c0d9043e787-2\" ><div id=\"pgc-w64c0d9043e787-2-0\"  class=\"panel-grid-cell\" ><div id=\"panel-w64c0d9043e787-2-0-0\" class=\"widget_text so-panel widget widget_custom_html panel-first-child panel-last-child\" data-index=\"4\" ><div class=\"widget_text numerotation panel-widget-style panel-widget-style-for-w64c0d9043e787-2-0-0\" ><div class=\"textwidget custom-html-widget\">03<\/div><\/div><\/div><\/div><div id=\"pgc-w64c0d9043e787-2-1\"  class=\"panel-grid-cell\" ><div id=\"panel-w64c0d9043e787-2-1-0\" class=\"so-panel widget widget_text panel-first-child panel-last-child\" data-index=\"5\" ><div class=\"text-bloc panel-widget-style panel-widget-style-for-w64c0d9043e787-2-1-0\" ><h3 class=\"widget-title\">Daglig leie<\/h3>\t\t\t<div class=\"textwidget\"><p>Enten det dreier seg om en romantisk helgetur eller en tur med venner, kan du leie bil p\u00e5 dagsbasis p\u00e5 nett eller telefon.<\/p>\n<\/div>\n\t\t<\/div><\/div><\/div><\/div><\/div><\/div><\/div><\/div><\/div><\/div><div id=\"pg-182-5\"  class=\"panel-grid panel-has-style\" ><div class=\"panel-row-style panel-row-style-for-182-5\" ><div id=\"pgc-182-5-0\"  class=\"panel-grid-cell\" ><div id=\"panel-182-5-0-0\" class=\"so-panel widget widget_sow-headline panel-first-child\" data-index=\"17\" ><div class=\"titre2 centrage panel-widget-style panel-widget-style-for-182-5-0-0\" ><div\n\t\t\t\n\t\t\tclass=\"so-widget-sow-headline so-widget-sow-headline-default-3f8f7c82b5b0-182\"\n\t\t\t\n\t\t><div class=\"sow-headline-container \">\n\t\t\t\t\t\t\t<p class=\"sow-sub-headline\">\n\t\t\t\t\t\tBekymringsfri reise\t\t\t\t\t\t<\/p>\n\t\t\t\t\t\t\t\t\t\t\t\t<h2 class=\"sow-headline\">\n\t\t\t\t\t\tBekvemmeligheten ved \u00e5 leie bil p\u00e5 reisen\t\t\t\t\t\t<\/h2>\n\t\t\t\t\t\t\t\t\t\t\t<div class=\"decoration\">\n\t\t\t\t\t\t<div class=\"decoration-inside\"><\/div>\n\t\t\t\t\t<\/div>\n\t\t\t\t\t<\/div>\n<\/div><\/div><\/div><div id=\"panel-182-5-0-1\" class=\"widget_text so-panel widget widget_custom_html\" data-index=\"18\" ><div class=\"widget_text text-center panel-widget-style panel-widget-style-for-182-5-0-1\" ><div class=\"textwidget custom-html-widget\"><div class=\"heading-divider\"><\/div><\/div><\/div><\/div><div id=\"panel-182-5-0-2\" class=\"so-panel widget widget_siteorigin-panels-builder panel-last-child\" data-index=\"19\" ><div class=\"panel-widget-style panel-widget-style-for-182-5-0-2\" ><div id=\"pl-w64c23c69417bb\"  class=\"panel-layout\" ><div id=\"pg-w64c23c69417bb-0\"  class=\"panel-grid panel-no-style\" ><div id=\"pgc-w64c23c69417bb-0-0\"  class=\"panel-grid-cell\" ><div class=\"col3 panel-cell-style panel-cell-style-for-w64c23c69417bb-0-0\" ><div id=\"panel-w64c23c69417bb-0-0-0\" class=\"so-panel widget widget_image-hover-text panel-first-child\" data-index=\"0\" ><div\n\t\t\t\n\t\t\tclass=\"so-widget-image-hover-text so-widget-image-hover-text-image-hover-text-default-style-d75171398898\"\n\t\t\t\n\t\t><style type=\"text\/css\">\n#image-hover-text-149421633 img{\n\theight: auto;\n\twidth: 100%;\n}\n<\/style>\n\n<div id=\"image-hover-text-149421633\" class=\"image-hover-text \">\n<img loading=\"lazy\" decoding=\"async\" width=\"600\" height=\"400\" src=\"https:\/\/www.all-car-hire.info\/wp-content\/uploads\/2023\/07\/Stor-fleksibilitet-1.webp\" class=\"attachment-full size-full\" alt=\"\" srcset=\"https:\/\/www.all-car-hire.info\/wp-content\/uploads\/2023\/07\/Stor-fleksibilitet-1.webp 600w, https:\/\/www.all-car-hire.info\/wp-content\/uploads\/2023\/07\/Stor-fleksibilitet-1-300x200.webp 300w, https:\/\/www.all-car-hire.info\/wp-content\/uploads\/2023\/07\/Stor-fleksibilitet-1-272x182.webp 272w\" sizes=\"auto, (max-width: 600px) 100vw, 600px\" \/><\/div><\/div><\/div><div id=\"panel-w64c23c69417bb-0-0-1\" class=\"so-panel widget widget_text panel-last-child\" data-index=\"1\" ><div class=\"text-bloc panel-widget-style panel-widget-style-for-w64c23c69417bb-0-0-1\" ><h3 class=\"widget-title\">Stor fleksibilitet<\/h3>\t\t\t<div class=\"textwidget\"><p>Fleksibilitet betyr at du kan leie bil uten komplikasjoner eller begrensninger. Du st\u00e5r fritt til \u00e5 velge bilmodell, leieperiode, tilvalg&#8230;<\/p>\n<\/div>\n\t\t<\/div><\/div><\/div><\/div><div id=\"pgc-w64c23c69417bb-0-1\"  class=\"panel-grid-cell\" ><div class=\"col3 panel-cell-style panel-cell-style-for-w64c23c69417bb-0-1\" ><div id=\"panel-w64c23c69417bb-0-1-0\" class=\"so-panel widget widget_image-hover-text panel-first-child\" data-index=\"2\" ><div\n\t\t\t\n\t\t\tclass=\"so-widget-image-hover-text so-widget-image-hover-text-image-hover-text-default-style-d75171398898\"\n\t\t\t\n\t\t><style type=\"text\/css\">\n#image-hover-text-31731215 img{\n\theight: auto;\n\twidth: 100%;\n}\n<\/style>\n\n<div id=\"image-hover-text-31731215\" class=\"image-hover-text \">\n<img loading=\"lazy\" decoding=\"async\" width=\"600\" height=\"400\" src=\"https:\/\/www.all-car-hire.info\/wp-content\/uploads\/2023\/07\/God-tilgjengelighet.webp\" class=\"attachment-full size-full\" alt=\"God tilgjengelighet\" srcset=\"https:\/\/www.all-car-hire.info\/wp-content\/uploads\/2023\/07\/God-tilgjengelighet.webp 600w, https:\/\/www.all-car-hire.info\/wp-content\/uploads\/2023\/07\/God-tilgjengelighet-300x200.webp 300w, https:\/\/www.all-car-hire.info\/wp-content\/uploads\/2023\/07\/God-tilgjengelighet-272x182.webp 272w\" sizes=\"auto, (max-width: 600px) 100vw, 600px\" \/><\/div><\/div><\/div><div id=\"panel-w64c23c69417bb-0-1-1\" class=\"so-panel widget widget_text panel-last-child\" data-index=\"3\" ><div class=\"text-bloc panel-widget-style panel-widget-style-for-w64c23c69417bb-0-1-1\" ><h3 class=\"widget-title\">God tilgjengelighet<\/h3>\t\t\t<div class=\"textwidget\"><p>Det er flere grunner til at leiebil er s\u00e5 rimelig. Denne raskt voksende tjenesten gir deg et bredt utvalg av alternativer og kj\u00f8ret\u00f8y.<\/p>\n<\/div>\n\t\t<\/div><\/div><\/div><\/div><div id=\"pgc-w64c23c69417bb-0-2\"  class=\"panel-grid-cell\" ><div class=\"col3 panel-cell-style panel-cell-style-for-w64c23c69417bb-0-2\" ><div id=\"panel-w64c23c69417bb-0-2-0\" class=\"so-panel widget widget_image-hover-text panel-first-child\" data-index=\"4\" ><div\n\t\t\t\n\t\t\tclass=\"so-widget-image-hover-text so-widget-image-hover-text-image-hover-text-default-style-d75171398898\"\n\t\t\t\n\t\t><style type=\"text\/css\">\n#image-hover-text-1843684759 img{\n\theight: auto;\n\twidth: 100%;\n}\n<\/style>\n\n<div id=\"image-hover-text-1843684759\" class=\"image-hover-text \">\n<img loading=\"lazy\" decoding=\"async\" width=\"600\" height=\"400\" src=\"https:\/\/www.all-car-hire.info\/wp-content\/uploads\/2023\/07\/Overlegen-komfort.webp\" class=\"attachment-full size-full\" alt=\"\" srcset=\"https:\/\/www.all-car-hire.info\/wp-content\/uploads\/2023\/07\/Overlegen-komfort.webp 600w, https:\/\/www.all-car-hire.info\/wp-content\/uploads\/2023\/07\/Overlegen-komfort-300x200.webp 300w, https:\/\/www.all-car-hire.info\/wp-content\/uploads\/2023\/07\/Overlegen-komfort-272x182.webp 272w\" sizes=\"auto, (max-width: 600px) 100vw, 600px\" \/><\/div><\/div><\/div><div id=\"panel-w64c23c69417bb-0-2-1\" class=\"so-panel widget widget_text panel-last-child\" data-index=\"5\" ><div class=\"text-bloc panel-widget-style panel-widget-style-for-w64c23c69417bb-0-2-1\" ><h3 class=\"widget-title\">Overlegen komfort<\/h3>\t\t\t<div class=\"textwidget\"><p>Velg en romslig, komfortabel og velutstyrt bil for full bevegelsesfrihet. Overlegen komfort gj\u00f8r reisen trygg, behagelig og avslappende.<\/p>\n<\/div>\n\t\t<\/div><\/div><\/div><\/div><\/div><\/div><\/div><\/div><\/div><\/div><\/div><\/div>","protected":false},"excerpt":{"rendered":"<p>\u00c5 leie bil gir deg stor fleksibilitet. Du st\u00e5r fritt til \u00e5 velge varighet, modell og tidspunkt for leiebilen. Bildelingsplattformen getaround.com gj\u00f8r det enkelt for deg \u00e5 leie en bybil, en 4\u00d74, en stasjonsvogn eller en varebil til flyttingen. En&#8230;<\/p>\n","protected":false},"author":1,"featured_media":0,"parent":0,"menu_order":0,"comment_status":"closed","ping_status":"closed","template":"","meta":{"footnotes":""},"class_list":["post-182","page","type-page","status-publish","hentry"],"_links":{"self":[{"href":"https:\/\/www.all-car-hire.info\/no\/wp-json\/wp\/v2\/pages\/182","targetHints":{"allow":["GET"]}}],"collection":[{"href":"https:\/\/www.all-car-hire.info\/no\/wp-json\/wp\/v2\/pages"}],"about":[{"href":"https:\/\/www.all-car-hire.info\/no\/wp-json\/wp\/v2\/types\/page"}],"author":[{"embeddable":true,"href":"https:\/\/www.all-car-hire.info\/no\/wp-json\/wp\/v2\/users\/1"}],"replies":[{"embeddable":true,"href":"https:\/\/www.all-car-hire.info\/no\/wp-json\/wp\/v2\/comments?post=182"}],"version-history":[{"count":31,"href":"https:\/\/www.all-car-hire.info\/no\/wp-json\/wp\/v2\/pages\/182\/revisions"}],"predecessor-version":[{"id":375,"href":"https:\/\/www.all-car-hire.info\/no\/wp-json\/wp\/v2\/pages\/182\/revisions\/375"}],"wp:attachment":[{"href":"https:\/\/www.all-car-hire.info\/no\/wp-json\/wp\/v2\/media?parent=182"}],"curies":[{"name":"wp","href":"https:\/\/api.w.org\/{rel}","templated":true}]}}